{"id":72,"date":"2025-02-14T11:50:50","date_gmt":"2025-02-14T11:50:50","guid":{"rendered":"https:\/\/eurosalesman.com.tr\/usa\/"},"modified":"2025-02-25T15:33:54","modified_gmt":"2025-02-25T15:33:54","slug":"usa","status":"publish","type":"page","link":"https:\/\/eurosalesman.tr\/tr\/","title":{"rendered":"Turkey"},"content":{"rendered":"<div data-elementor-type=\"wp-page\" data-elementor-id=\"72\" class=\"elementor elementor-72\" data-elementor-post-type=\"page\">\n\t\t\t\t<div class=\"elementor-element elementor-element-5e093023 e-con-full e-flex e-con e-parent\" data-id=\"5e093023\" data-element_type=\"container\" data-e-type=\"container\" data-settings=\"{&quot;background_background&quot;:&quot;classic&quot;}\">\n\t\t<div class=\"elementor-element elementor-element-1ea09633 e-con-full e-flex e-con e-child\" data-id=\"1ea09633\" data-element_type=\"container\" data-e-type=\"container\">\n\t\t\t\t<div class=\"elementor-element elementor-element-7edafa7 elementor-widget__width-inherit elementor-widget-divider--view-line elementor-invisible elementor-widget elementor-widget-divider\" data-id=\"7edafa7\" data-element_type=\"widget\" data-e-type=\"widget\" data-settings=\"{&quot;_animation&quot;:&quot;fadeInLeft&quot;}\" data-widget_type=\"divider.default\">\n\t\t\t\t<div class=\"elementor-widget-container\">\n\t\t\t\t\t\t\t<div class=\"elementor-divider\">\n\t\t\t<span class=\"elementor-divider-separator\">\n\t\t\t\t\t\t<\/span>\n\t\t<\/div>\n\t\t\t\t\t\t<\/div>\n\t\t\t\t<\/div>\n\t\t\t\t<div class=\"elementor-element elementor-element-5a9bb81f elementor-widget__width-initial elementor-widget-tablet__width-inherit elementor-widget elementor-widget-heading\" data-id=\"5a9bb81f\" data-element_type=\"widget\" data-e-type=\"widget\" data-widget_type=\"heading.default\">\n\t\t\t\t<div class=\"elementor-widget-container\">\n\t\t\t\t\t<h1 class=\"elementor-heading-title elementor-size-default\">T\u00fcrkiye - Geli\u015fen Bir Pazarla K\u0131talar Aras\u0131 K\u00f6pr\u00fc!\n\n<\/h1>\t\t\t\t<\/div>\n\t\t\t\t<\/div>\n\t\t\t\t<div class=\"elementor-element elementor-element-407a40b elementor-widget__width-initial elementor-widget-tablet__width-inherit elementor-widget elementor-widget-text-editor\" data-id=\"407a40b\" data-element_type=\"widget\" data-e-type=\"widget\" data-widget_type=\"text-editor.default\">\n\t\t\t\t<div class=\"elementor-widget-container\">\n\t\t\t\t\t\t\t\t\t<p data-start=\"1858\" data-end=\"2066\">Avrupa ve Asya'y\u0131 birle\u015ftiren T\u00fcrkiye, gelenek ve modernli\u011fin e\u015fsiz bir kar\u0131\u015f\u0131m\u0131n\u0131 sunuyor. Eurosalesman\u00ae ile bu geni\u015f pazara girin ve yeniliklere haz\u0131r, \u00e7e\u015fitli, potansiyeli y\u00fcksek bir kitleyle ba\u011flant\u0131 kurun.<\/p><p data-start=\"2068\" data-end=\"2084\">\u00a0<\/p>\t\t\t\t\t\t\t\t<\/div>\n\t\t\t\t<\/div>\n\t\t\t\t<\/div>\n\t\t\t\t<\/div>\n\t\t<div class=\"elementor-element elementor-element-8832056 e-con-full e-flex e-con e-parent\" data-id=\"8832056\" data-element_type=\"container\" data-e-type=\"container\">\n\t\t<div class=\"elementor-element elementor-element-77bf7d8 e-con-full e-flex e-con e-child\" data-id=\"77bf7d8\" data-element_type=\"container\" data-e-type=\"container\">\n\t\t\t\t<div class=\"elementor-element elementor-element-7688511 elementor-widget__width-inherit elementor-widget-divider--view-line elementor-invisible elementor-widget elementor-widget-divider\" data-id=\"7688511\" data-element_type=\"widget\" data-e-type=\"widget\" data-settings=\"{&quot;_animation&quot;:&quot;fadeInLeft&quot;}\" data-widget_type=\"divider.default\">\n\t\t\t\t<div class=\"elementor-widget-container\">\n\t\t\t\t\t\t\t<div class=\"elementor-divider\">\n\t\t\t<span class=\"elementor-divider-separator\">\n\t\t\t\t\t\t<\/span>\n\t\t<\/div>\n\t\t\t\t\t\t<\/div>\n\t\t\t\t<\/div>\n\t\t\t\t<div class=\"elementor-element elementor-element-b3aead6 elementor-widget__width-initial elementor-widget-tablet__width-inherit elementor-widget elementor-widget-heading\" data-id=\"b3aead6\" data-element_type=\"widget\" data-e-type=\"widget\" data-widget_type=\"heading.default\">\n\t\t\t\t<div class=\"elementor-widget-container\">\n\t\t\t\t\t<h2 class=\"elementor-heading-title elementor-size-default\">\u00d6ne \u00c7\u0131kan Reklamlar<\/h2>\t\t\t\t<\/div>\n\t\t\t\t<\/div>\n\t\t\t\t<div class=\"elementor-element elementor-element-737871a5 elementor-widget__width-initial elementor-widget-tablet__width-inherit elementor-widget elementor-widget-text-editor\" data-id=\"737871a5\" data-element_type=\"widget\" data-e-type=\"widget\" data-widget_type=\"text-editor.default\">\n\t\t\t\t<div class=\"elementor-widget-container\">\n\t\t\t\t\t\t\t\t\t<p data-start=\"2086\" data-end=\"2239\">A\u015fa\u011f\u0131da, b\u00f6lgenin stratejik avantajlar\u0131ndan ve canl\u0131 pazar potansiyelinden yararlanarak markalar\u0131n\u0131 T\u00fcrkiye'de sergilemeyi tercih eden \u015firketler yer almaktad\u0131r.<\/p>\t\t\t\t\t\t\t\t<\/div>\n\t\t\t\t<\/div>\n\t\t\t\t<\/div>\n\t\t<div class=\"elementor-element elementor-element-6bf4342 e-con-full e-flex e-con e-child\" data-id=\"6bf4342\" data-element_type=\"container\" data-e-type=\"container\">\n\t\t\t\t<div class=\"elementor-element elementor-element-68e3319 elementor-widget__width-inherit elementor-widget elementor-widget-shortcode\" data-id=\"68e3319\" data-element_type=\"widget\" data-e-type=\"widget\" data-widget_type=\"shortcode.default\">\n\t\t\t\t<div class=\"elementor-widget-container\">\n\t\t\t\t\t\t\t<div class=\"elementor-shortcode\"><div class=\"myplugin-site-posts-filter\"><form method=\"get\" action=\"\"><label for=\"category-filter\">Kategoriye G\u00f6re Filtrele:<\/label> <select id=\"category-filter\" name=\"category\" onchange=\"this.form.submit()\"><option value=\"\">T\u00fcm Kategoriler<\/option><option value=\"professional-services\" >Profesyonel Hizmetler<\/option><option value=\"technology-innovation\" >Teknoloji ve \u0130novasyon<\/option><option value=\"retail-e-commerce\" >Perakende ve E-ticaret<\/option><option value=\"health-wellness\" >Sa\u011fl\u0131k ve Zindelik<\/option><option value=\"construction-real-estate\" >\u0130n\u015faat ve Emlak<\/option><option value=\"finance-insurance\" >Finans ve Sigorta<\/option><option value=\"education-training\" >E\u011fitim &amp; \u00d6\u011fretim<\/option><option value=\"logistics-manufacturing\" >Lojistik ve \u00dcretim<\/option><\/select><input type=\"hidden\" name=\"trp-form-language\" value=\"tr\"\/><\/form><\/div><div class=\"myplugin-site-posts\"><p>Bu kategori i\u00e7in g\u00f6nderi bulunamad\u0131.<\/p><\/div><\/div>\n\t\t\t\t\t\t<\/div>\n\t\t\t\t<\/div>\n\t\t\t\t<\/div>\n\t\t\t\t<\/div>\n\t\t<div class=\"elementor-element elementor-element-6c319ae4 e-con-full e-flex e-con e-parent\" data-id=\"6c319ae4\" data-element_type=\"container\" data-e-type=\"container\" data-settings=\"{&quot;background_background&quot;:&quot;classic&quot;}\">\n\t\t<div class=\"elementor-element elementor-element-37b4ba96 e-con-full e-flex e-con e-child\" data-id=\"37b4ba96\" data-element_type=\"container\" data-e-type=\"container\">\n\t\t\t\t<div class=\"elementor-element elementor-element-45364651 elementor-invisible elementor-widget elementor-widget-heading\" data-id=\"45364651\" data-element_type=\"widget\" data-e-type=\"widget\" data-settings=\"{&quot;_animation&quot;:&quot;fadeIn&quot;}\" data-widget_type=\"heading.default\">\n\t\t\t\t<div class=\"elementor-widget-container\">\n\t\t\t\t\t<h2 class=\"elementor-heading-title elementor-size-default\">Bug\u00fcn i\u015finizi b\u00fcy\u00fctmek mi istiyorsunuz?<\/h2>\t\t\t\t<\/div>\n\t\t\t\t<\/div>\n\t\t\t\t<div class=\"elementor-element elementor-element-504675cf elementor-widget elementor-widget-text-editor\" data-id=\"504675cf\" data-element_type=\"widget\" data-e-type=\"widget\" data-settings=\"{&quot;_animation&quot;:&quot;none&quot;}\" data-widget_type=\"text-editor.default\">\n\t\t\t\t<div class=\"elementor-widget-container\">\n\t\t\t\t\t\t\t\t\t<p>Pazarlama hedeflerinize hassasiyet ve g\u00fcvenle ula\u015fman\u0131za nas\u0131l yard\u0131mc\u0131 olabilece\u011fimiz hakk\u0131nda daha fazla bilgi edinmek i\u00e7in bug\u00fcn bize ula\u015f\u0131n.<\/p>\t\t\t\t\t\t\t\t<\/div>\n\t\t\t\t<\/div>\n\t\t\t\t<div class=\"elementor-element elementor-element-3ae1130e elementor-align-justify elementor-widget__width-initial elementor-widget elementor-widget-button\" data-id=\"3ae1130e\" data-element_type=\"widget\" data-e-type=\"widget\" data-widget_type=\"button.default\">\n\t\t\t\t<div class=\"elementor-widget-container\">\n\t\t\t\t\t\t\t\t\t<div class=\"elementor-button-wrapper\">\n\t\t\t\t\t<a class=\"elementor-button elementor-size-sm\" role=\"button\">\n\t\t\t\t\t\t<span class=\"elementor-button-content-wrapper\">\n\t\t\t\t\t\t\t\t\t<span class=\"elementor-button-text\">Bize ula\u015f\u0131n<\/span>\n\t\t\t\t\t<\/span>\n\t\t\t\t\t<\/a>\n\t\t\t\t<\/div>\n\t\t\t\t\t\t\t\t<\/div>\n\t\t\t\t<\/div>\n\t\t\t\t<\/div>\n\t\t<div class=\"elementor-element elementor-element-601c882b e-con-full e-flex e-con e-child\" data-id=\"601c882b\" data-element_type=\"container\" data-e-type=\"container\" data-settings=\"{&quot;background_background&quot;:&quot;classic&quot;}\">\n\t\t\t\t<\/div>\n\t\t\t\t<\/div>\n\t\t\t\t<\/div>","protected":false},"excerpt":{"rendered":"<p>Turkey &#8211; Bridge Continents with a Thriving Market! Turkey, straddling Europe and Asia, presents a unique blend of tradition and modernity. Enter this expansive market with Eurosalesman\u00ae and connect with a diverse, high-potential audience ready for innovation. \u00a0 Featured Ads Below are the companies that have chosen to showcase their brands in Turkey, tapping into [&hellip;]<\/p>","protected":false},"author":3,"featured_media":0,"parent":0,"menu_order":0,"comment_status":"closed","ping_status":"closed","template":"elementor_header_footer","meta":{"footnotes":""},"class_list":["post-72","page","type-page","status-publish","hentry"],"_links":{"self":[{"href":"https:\/\/eurosalesman.tr\/tr\/wp-json\/wp\/v2\/pages\/72","targetHints":{"allow":["GET"]}}],"collection":[{"href":"https:\/\/eurosalesman.tr\/tr\/wp-json\/wp\/v2\/pages"}],"about":[{"href":"https:\/\/eurosalesman.tr\/tr\/wp-json\/wp\/v2\/types\/page"}],"author":[{"embeddable":true,"href":"https:\/\/eurosalesman.tr\/tr\/wp-json\/wp\/v2\/users\/3"}],"replies":[{"embeddable":true,"href":"https:\/\/eurosalesman.tr\/tr\/wp-json\/wp\/v2\/comments?post=72"}],"version-history":[{"count":10,"href":"https:\/\/eurosalesman.tr\/tr\/wp-json\/wp\/v2\/pages\/72\/revisions"}],"predecessor-version":[{"id":128,"href":"https:\/\/eurosalesman.tr\/tr\/wp-json\/wp\/v2\/pages\/72\/revisions\/128"}],"wp:attachment":[{"href":"https:\/\/eurosalesman.tr\/tr\/wp-json\/wp\/v2\/media?parent=72"}],"curies":[{"name":"wp","href":"https:\/\/api.w.org\/{rel}","templated":true}]}}